{"id":81,"date":"2024-09-03T21:56:13","date_gmt":"2024-09-03T21:56:13","guid":{"rendered":"https:\/\/nova.petitsbosch.com\/?page_id=81"},"modified":"2024-09-03T21:56:13","modified_gmt":"2024-09-03T21:56:13","slug":"aviso-legal","status":"publish","type":"page","link":"https:\/\/www.petitsbosch.com\/?page_id=81","title":{"rendered":"Legal notice"},"content":{"rendered":"<h3>DADES IDENTIFICATIVES DEL TITULAR DEL WEB<\/h3>\n<p>En compliment  del deure d'informaci\u00f3 estipulat en l'article 10 de la Llei 34\/2002 d' 11 de juliol dels Serveis de la Societat de la Informaci\u00f3 i del Comer\u00e7 Electr\u00f2nic, <strong><em>Petits Bosch<\/em><\/strong>, amb DNI , d'ara endavant <strong>Petits Bosch<\/strong>, en qualitat de titular del web <strong>www.petitsbosch.com<\/strong>, amb adre\u00e7a a C\/ Moss\u00e8n Jaume Arcel\u00f2s 14 Baixos, codi postal 17300 de Blanes, Girona, direcci\u00f3 de correu electr\u00f2nic <a href=\"mailto:&#105;%6e&#102;%6f&#64;p&#101;ti&#116;&#115;&#98;o%73%63&#104;%2e%63%6f&#109;\">i&#110;f&#111;&#64;petitsbosch&#46;c&#111;&#109;<\/a> y tel\u00e9fono 690 14 46 76, procedeix a comunicar-los la informaci\u00f3 que conforma i regula les condicions d'\u00fas d'aquesta p\u00e0gina, les limitacions de responsabilitat i les obligacions que els usuaris de la web que \u00e9s publicat sota el domini <strong><i>www.petitsbosch.com<\/i><\/strong>, assumeixen i es comprometen a respectar.<\/p>\n<h3>CONDICIONS D'\u00daS<\/h3>\n<p>La utilitzaci\u00f3 de <strong>www.petitsbosch.com<\/strong> atorga la condici\u00f3 d'<strong>Usuari<\/strong> de <strong>www.petitsbosch.com<\/strong>, sigui persona f\u00edsica o jur\u00eddica i obligat\u00f2riament implica l'acceptaci\u00f3 completa, plena i sense reserves de totes i cadascuna de les cl\u00e0usules i condicions generals incloses en l'Av\u00eds Legal. Si l'<strong>Usuari<\/strong> no estigu\u00e9s conforme amb elles, s'abstindr\u00e0 d'utilitzar <strong>www.petitsbosch.com<\/strong>. Aquest Av\u00eds Legal est\u00e0 subjecte a canvis i actualitzacions pel que la versi\u00f3 publicada per <strong>Petits Bosch<\/strong> pot ser diferent en cada moment en qu\u00e8 l'<strong>Usuari<\/strong> accedeixi al Portal. Per tant, l'<strong>Usuari<\/strong> ha de llegir l'Av\u00eds Legal en totes i cadascuna de les ocasions que accedeixi a <strong>www.petitsbosch.com<\/strong>.<\/p>\n\n<p>A trav\u00e9s de <strong>www.petitsbosch.com<\/strong>, <strong>Petits Bosch<\/strong><b> <\/b>facilita a l'<strong>Usuari<\/strong> l'acc\u00e9s i utilitzaci\u00f3 de diversos Continguts publicats per mitj\u00e0 d'Internet per <strong>Petits Bosch<\/strong> o per tercers autoritzats.<\/p>\n\n<p>L'<strong>Usuari<\/strong> est\u00e0 obligat i es compromet a utilitzar <strong>www.petitsbosch.com<\/strong> i els continguts conforme a la legislaci\u00f3 vigent, l'Av\u00eds Legal i qualsevol altre av\u00eds o instrucci\u00f3 que es posin en coneixement, ja sigui per mitj\u00e0 d'aquest mateix Av\u00eds Legal o en qualsevol lloc dels Continguts que conformen <strong>www.petitsbosch.com<\/strong>, com s\u00f3n les normes de conviv\u00e8ncia, la moral i els bons costums generalment acceptades. En aquests termes, l'<strong>Usuari<\/strong> s'obliga i compromet a NO  emprar qualsevol dels Continguts amb fins i efectes il\u00b7l\u00edcits, prohibits en l'Av\u00eds Legal o per la legislaci\u00f3 vigent, contrari als drets i interessos de tercers o que de qualsevol manera puguin fer mal, inutilitzar, sobrecarregar, deteriorar o impedir el normal \u00fas dels Continguts, els equips inform\u00e0tics o els documents, arxius i tota classe de continguts magatzemats en qualsevol equip inform\u00e0tic propi o contractats per <strong>Petits Bosch<\/strong>, d'un altre <strong>USUARI<\/strong> o de qualsevol usuari d'Internet (hardware i software).<\/p>\n\n<p>L'<strong>Usuari<\/strong> s'obliga i compromet a no transmetre, difondre o posar a disposici\u00f3 de tercers qualsevol mena de material que formi part de <strong>www.petitsbosch.com<\/strong>, com informacions, textos, dades, continguts, missatges, gr\u00e0fiques, dibuixos, arxius de so i\/o imatge, fotografies, gravacions, software, logos, marques, icones, tecnologia, enlla\u00e7os, disseny gr\u00e0fic i codis de fons, o qualsevol altre material al qual tingu\u00e9s acc\u00e9s en la seva condici\u00f3 d'<strong>Usuari<\/strong> de <strong>www.petitsbosch.com<\/strong>, sense que aquesta enumeraci\u00f3 tingui car\u00e0cter restringit. Aix\u00ed mateix, conforme a tot plegat, l'<strong>Usuari<\/strong> no podr\u00e0:<\/p>\n<ul>\n<li>Reproduir, copiar, distribuir, posar a disposici\u00f3 o de qualsevol altra manera comunicar p\u00fablicament, transformar o modificar els Continguts, excepte que tingui autoritzaci\u00f3 escrita i expl\u00edcita de <strong>Petits Bosch<\/strong>, que \u00e9s titular d'aquests drets, o b\u00e9 que estigui legalment perm\u00e8s.<\/li>\n<li>Suprimir, manipular o de qualsevol manera alterar el \u201ccopyright\u201d i altres dades identificatives de la reserva de drets de <strong>Petits Bosch<\/strong> o dels seus titulars, de les empremptes i\/o identificadors digitals, marques d'aigua o qualsevol altre medi t\u00e8cnic establerts pel seu reconeixement.<\/li>\n<\/ul>\n<p>L'<strong>Usuari<\/strong> s'abstindr\u00e0 d'obtenir i d'intentar accedir als Continguts utilitzant mitjans o procediments diferents dels que, segons els casos, s'hagin posat a la seva disposici\u00f3 per aquesta finalitat, o s'hagin indicat per aquest fi en les p\u00e0gines web on es trobin els Continguts, o en general, els que s'emprin habitualment a Internet per aquest efecte sempre que no provoquin cap risc de dany o inutilitzaci\u00f3 de la web <strong>www.petitsbosch.com<\/strong>, i\/o dels Continguts.<\/p>\n<h3>PROPIETAT INTEL\u00b7LECTUAL<\/h3>\n<p>Totes les marques, noms comercials o signes distintius de qualsevol classe que apareixen a <strong>www.petitsbosch.com<\/strong> s\u00f3n propietat de <strong>Petits Bosch<\/strong> o si no pot ser, dels seus respectius propietaris, sense que pugui entendre\u2019s en cap  cas que l\u2019\u00fas o acc\u00e9s al Portal i\/o als Continguts  doni a l\u2019<strong>Usuari<\/strong> cap dret sobre les esmentades marques, noms comercials i\/o signes distintius i sense que es puguin entendre cedits a l'<strong>Usuari<\/strong>, com tampoc cap dret d\u2019explotaci\u00f3 que existeixin o puguin existir sobre aquests Continguts. De la mateixa manera els Continguts s\u00f3n propietat intel\u00b7lectual de <strong>Petits Bosch<\/strong>, o de tercers en el seu cas, per tant, els drets de Propietat Intel\u00b7lectual s\u00f3n de titularitat de <strong>Petits Bosch<\/strong> o de tercers a qui se\u2019ls hagi autoritzat el seu \u00fas, a qui correspon l\u2019exercici exclusiu dels drets d\u2019explotaci\u00f3 dels mateixos en qualsevol manera, i en especial, els drets de reproducci\u00f3, distribuci\u00f3, comunicaci\u00f3 p\u00fablica i transformaci\u00f3. L\u2019\u00fas no autoritzat de la informaci\u00f3 continguda en aquesta Web, aix\u00ed com la lesi\u00f3 dels drets de la Propietat Intel\u00b7lectual o Industrial de <strong>Petits Bosch<\/strong> o de tercers inclosos en <strong>www.petitsbosch.com<\/strong> que hagin cedit continguts donar\u00e0 lloc a les responsabilitats legalment establertes.<\/p>\n<h3>DISPONIBILITAT DE WWW.PETITSBOSCH.COM<\/h3>\n<p><strong>Petits Bosch<\/strong> no garanteix la inexist\u00e8ncia d'interrupcions o errades en l\u2019acc\u00e9s a <strong>www.petitsbosch.com<\/strong>, als seus continguts, ni que aquests es trobin actualitzats, encara que desenvolupar\u00e0 esfor\u00e7os, per intentar evitar-los,  arranjar-los o actualitzar-los. Per tant,, <strong>Petits Bosch<\/strong> no es responsabilitza dels danys o perjudicis de qualsevol classe produ\u00efts en l'<strong>Usuari<\/strong> provocats per errades o desconnexions en les xarxes de telecomunicacions que produeixen la suspensi\u00f3, cancel\u00b7laci\u00f3 o interrupci\u00f3 del servei del portal durant la prestaci\u00f3 del mateix o amb car\u00e0cter previ.<\/p>\n\n<p><strong>Petits Bosch<\/strong> exclou, excepte les contemplades en la legislaci\u00f3 vigent, qualsevol responsabilitat pels danys i perjudicis de tota naturalesa que esdevinguin de la falta de disponibilitat, continu\u00eftat o qualitat del funcionament de <strong>www.petitsbosch.com<\/strong> i dels Continguts, a l\u2019incompliment de l\u2019expectativa d\u2019utilitat que l'<strong>USUARI<\/strong> hagu\u00e9s pogut atribuir a <strong>www.petitsbosch.com<\/strong> i als Continguts.<\/p>\n\n<p>La funci\u00f3 dels Hiperenlla\u00e7os que apareguin en aquesta Web \u00e9s exclusivament la d\u2019informar a l'<strong>Usuari<\/strong> sobre  l\u2019exist\u00e8ncia d\u2019altres Web que tenen informaci\u00f3 sobre la mat\u00e8ria. Aquests Hiperenlla\u00e7os no constitueixen suggeriment ni recomanaci\u00f3.<\/p>\n\n<p><strong>Petits Bosch<\/strong>  no es fa responsable dels continguts de les p\u00e0gines enlla\u00e7ades, del funcionament o \u00fas dels Hiperenlla\u00e7os ni del resultat dels mateixos, ni garanteix l\u2019abs\u00e8ncia de virus o altres elements en els mateixos que puguin provocar alteracions en el sistema inform\u00e0tic (hardware i software), els documents o els fitxers de l'<strong>Usuari<\/strong>, excloent qualsevol responsabilitat pels danys de qualsevol classe causats a l'<strong>Usuari<\/strong> per aquest motiu.<\/p>\n\n<p>L'acc\u00e9s a <strong>www.petitsbosch.com<\/strong> no implica l'obligaci\u00f3 per part de <strong>Petits Bosch<\/strong> de controlar l'abs\u00e8ncia de virus, cucs inform\u00e0tics o qualsevol altre element inform\u00e0tic danyat. Correspon a l'<strong>Usuari<\/strong>, en tot cas, la disponibilitat d\u2019eines adequades per la detecci\u00f3 i desinfecci\u00f3 de programes inform\u00e0tics danyats, pel que <strong>Petits Bosch<\/strong> no es fa responsable de les possibles errades de seguretat que es produeixin durant la prestaci\u00f3 del servei de <strong>www.petitsbosch.com<\/strong>, ni dels possibles danys que puguin donar-se al sistema inform\u00e0tic de l'<strong>Usuari<\/strong> o de tercers (hardware i software), els fitxers o documents emmagatzemats en el mateix, com a conseq\u00fc\u00e8ncia de la pres\u00e8ncia de virus en l\u2019ordinador de l'<strong>Usuari<\/strong> emprat per la connexi\u00f3 als serveis i continguts de la Web, d'un mal funcionament del navegador o de l'\u00fas de versions no actualitzades d'aquest.<\/p>\n\n<p>La prestaci\u00f3 del servei de <strong>www.petitsbosch.com<\/strong> i dels Continguts t\u00e9, en principi, una durada indefinida. Tanmateix, <strong>Petits Bosch<\/strong>, qi\/o de qualsevol dels Continguts en qualsevol moment. Quan sigui possible, <strong>Petits Bosch<\/strong> advertir\u00e0 pr\u00e8viament l'acabament o suspensi\u00f3 de <strong>www.petitsbosch.com<\/strong>.<\/p>\n<h3>QUALITAT DE WWW.PETITSBOSCH.COM<\/h3>\n<p>Donat l\u2019entorn din\u00e0mic i canviant de la informaci\u00f3 i dels serveis que se subministren a trav\u00e9s de <strong>www.petitsbosch.com<\/strong>, <strong>Petits Bosch<\/strong> posa \u00e8mfasi, per\u00f2 no garanteix la completa veracitat, exactitud, fiabilitat, utilitat i\/o actualitat dels Continguts. La informaci\u00f3 de les p\u00e0gines d\u2019aquest Portal nom\u00e9s t\u00e9 car\u00e0cter informatiu, consultiu, divulgatiu i publicitari. En cap cas, ofereixen o tenen car\u00e0cter de comprom\u00eds vinculant o contractual.<\/p>\n<h3>LIMITACI\u00d3 DE RESPONSABILITAT<\/h3>\n<p><strong>Petits Bosch<\/strong> exclou de tota responsabilitat per les decisions que l'<strong>Usuari<\/strong> pugui prendre basant-se en aquesta informaci\u00f3, aix\u00ed com per les possibles errades tipogr\u00e0fiques que puguin tenir els documents i gr\u00e0fics de <strong>www.petitsbosch.com<\/strong>. La informaci\u00f3 est\u00e0 sotmesa a possibles canvis peri\u00f2dics sense previ av\u00eds del seu contingut per ampliaci\u00f3, millora, correcci\u00f3 o actualitzaci\u00f3 dels Continguts.<\/p>\n<h3>NOTIFICACIONS<\/h3>\n<p>Totes les notificacions i comunicacions per part de <strong>Petits Bosch<\/strong> a l'<strong>Usuari<\/strong> efectuades per qualsevol mitj\u00e0 es consideraran eficaces a tots els efectes.<\/p>\n<h3>JURISDICCI\u00d3<\/h3>\n<p>Per totes les q\u00fcestions que es plantegin sobre la interpretaci\u00f3, aplicaci\u00f3 i compliment d\u2019aquest Av\u00eds Legal, aix\u00ed com de les reclamacions que puguin derivar-se del seu \u00fas, totes les parts que intervenen se sometent als Jutges i Tribunals de la prov\u00edncia de Girona, renunciant de forma expressa a qualsevol  fur o jurisdicci\u00f3 que pugui correspondre-li.<\/p>\n<h3>LEGISLACI\u00d3 APLICABLE<\/h3>\n<p>El present Av\u00eds Legal es regeix per la normativa espanyola vigent. <\/p>\n\n\r\n","protected":false},"excerpt":{"rendered":"","protected":false},"author":1,"featured_media":0,"parent":0,"menu_order":0,"comment_status":"closed","ping_status":"closed","template":"","meta":{"footnotes":""},"class_list":["post-81","page","type-page","status-publish","hentry"],"yoast_head":"<!-- This site is optimized with the Yoast SEO plugin v25.1 - https:\/\/yoast.com\/wordpress\/plugins\/seo\/ -->\n<title>Legal notice - Petits Bosch<\/title>\n<meta name=\"robots\" content=\"index, follow, max-snippet:-1, max-image-preview:large, max-video-preview:-1\" \/>\n<link rel=\"canonical\" href=\"https:\/\/www.petitsbosch.com\/?page_id=81\" \/>\n<meta property=\"og:locale\" content=\"ca_ES\" \/>\n<meta property=\"og:type\" content=\"article\" \/>\n<meta property=\"og:title\" content=\"Legal notice - Petits Bosch\" \/>\n<meta property=\"og:url\" content=\"https:\/\/www.petitsbosch.com\/?page_id=81\" \/>\n<meta property=\"og:site_name\" content=\"Petits Bosch\" \/>\n<meta name=\"twitter:card\" content=\"summary_large_image\" \/>\n<script type=\"application\/ld+json\" class=\"yoast-schema-graph\">{\"@context\":\"https:\/\/schema.org\",\"@graph\":[{\"@type\":\"WebPage\",\"@id\":\"https:\/\/www.petitsbosch.com\/?page_id=81\",\"url\":\"https:\/\/www.petitsbosch.com\/?page_id=81\",\"name\":\"Legal notice - Petits Bosch\",\"isPartOf\":{\"@id\":\"https:\/\/www.petitsbosch.com\/#website\"},\"datePublished\":\"2024-09-03T21:56:13+00:00\",\"breadcrumb\":{\"@id\":\"https:\/\/www.petitsbosch.com\/?page_id=81#breadcrumb\"},\"inLanguage\":\"ca\",\"potentialAction\":[{\"@type\":\"ReadAction\",\"target\":[\"https:\/\/www.petitsbosch.com\/?page_id=81\"]}]},{\"@type\":\"BreadcrumbList\",\"@id\":\"https:\/\/www.petitsbosch.com\/?page_id=81#breadcrumb\",\"itemListElement\":[{\"@type\":\"ListItem\",\"position\":1,\"name\":\"Home\",\"item\":\"https:\/\/www.petitsbosch.com\/\"},{\"@type\":\"ListItem\",\"position\":2,\"name\":\"Legal notice\"}]},{\"@type\":\"WebSite\",\"@id\":\"https:\/\/www.petitsbosch.com\/#website\",\"url\":\"https:\/\/www.petitsbosch.com\/\",\"name\":\"Petits Bosch\",\"description\":\"Botiga de puericultura\",\"publisher\":{\"@id\":\"https:\/\/www.petitsbosch.com\/#organization\"},\"potentialAction\":[{\"@type\":\"SearchAction\",\"target\":{\"@type\":\"EntryPoint\",\"urlTemplate\":\"https:\/\/www.petitsbosch.com\/?s={search_term_string}\"},\"query-input\":{\"@type\":\"PropertyValueSpecification\",\"valueRequired\":true,\"valueName\":\"search_term_string\"}}],\"inLanguage\":\"ca\"},{\"@type\":\"Organization\",\"@id\":\"https:\/\/www.petitsbosch.com\/#organization\",\"name\":\"Petits Bosch\",\"url\":\"https:\/\/www.petitsbosch.com\/\",\"logo\":{\"@type\":\"ImageObject\",\"inLanguage\":\"ca\",\"@id\":\"https:\/\/www.petitsbosch.com\/#\/schema\/logo\/image\/\",\"url\":\"https:\/\/www.petitsbosch.com\/wp-content\/uploads\/2024\/09\/logo_bp.png\",\"contentUrl\":\"https:\/\/www.petitsbosch.com\/wp-content\/uploads\/2024\/09\/logo_bp.png\",\"width\":461,\"height\":500,\"caption\":\"Petits Bosch\"},\"image\":{\"@id\":\"https:\/\/www.petitsbosch.com\/#\/schema\/logo\/image\/\"}}]}<\/script>\n<!-- \/ Yoast SEO plugin. -->","yoast_head_json":{"title":"Legal notice - Petits Bosch","robots":{"index":"index","follow":"follow","max-snippet":"max-snippet:-1","max-image-preview":"max-image-preview:large","max-video-preview":"max-video-preview:-1"},"canonical":"https:\/\/www.petitsbosch.com\/?page_id=81","og_locale":"ca_ES","og_type":"article","og_title":"Legal notice - Petits Bosch","og_url":"https:\/\/www.petitsbosch.com\/?page_id=81","og_site_name":"Petits Bosch","twitter_card":"summary_large_image","schema":{"@context":"https:\/\/schema.org","@graph":[{"@type":"WebPage","@id":"https:\/\/www.petitsbosch.com\/?page_id=81","url":"https:\/\/www.petitsbosch.com\/?page_id=81","name":"Legal notice - Petits Bosch","isPartOf":{"@id":"https:\/\/www.petitsbosch.com\/#website"},"datePublished":"2024-09-03T21:56:13+00:00","breadcrumb":{"@id":"https:\/\/www.petitsbosch.com\/?page_id=81#breadcrumb"},"inLanguage":"ca","potentialAction":[{"@type":"ReadAction","target":["https:\/\/www.petitsbosch.com\/?page_id=81"]}]},{"@type":"BreadcrumbList","@id":"https:\/\/www.petitsbosch.com\/?page_id=81#breadcrumb","itemListElement":[{"@type":"ListItem","position":1,"name":"Home","item":"https:\/\/www.petitsbosch.com\/"},{"@type":"ListItem","position":2,"name":"Legal notice"}]},{"@type":"WebSite","@id":"https:\/\/www.petitsbosch.com\/#website","url":"https:\/\/www.petitsbosch.com\/","name":"Petits Bosch","description":"Botiga de puericultura","publisher":{"@id":"https:\/\/www.petitsbosch.com\/#organization"},"potentialAction":[{"@type":"SearchAction","target":{"@type":"EntryPoint","urlTemplate":"https:\/\/www.petitsbosch.com\/?s={search_term_string}"},"query-input":{"@type":"PropertyValueSpecification","valueRequired":true,"valueName":"search_term_string"}}],"inLanguage":"ca"},{"@type":"Organization","@id":"https:\/\/www.petitsbosch.com\/#organization","name":"Petits Bosch","url":"https:\/\/www.petitsbosch.com\/","logo":{"@type":"ImageObject","inLanguage":"ca","@id":"https:\/\/www.petitsbosch.com\/#\/schema\/logo\/image\/","url":"https:\/\/www.petitsbosch.com\/wp-content\/uploads\/2024\/09\/logo_bp.png","contentUrl":"https:\/\/www.petitsbosch.com\/wp-content\/uploads\/2024\/09\/logo_bp.png","width":461,"height":500,"caption":"Petits Bosch"},"image":{"@id":"https:\/\/www.petitsbosch.com\/#\/schema\/logo\/image\/"}}]}},"_links":{"self":[{"href":"https:\/\/www.petitsbosch.com\/index.php?rest_route=\/wp\/v2\/pages\/81","targetHints":{"allow":["GET"]}}],"collection":[{"href":"https:\/\/www.petitsbosch.com\/index.php?rest_route=\/wp\/v2\/pages"}],"about":[{"href":"https:\/\/www.petitsbosch.com\/index.php?rest_route=\/wp\/v2\/types\/page"}],"author":[{"embeddable":true,"href":"https:\/\/www.petitsbosch.com\/index.php?rest_route=\/wp\/v2\/users\/1"}],"replies":[{"embeddable":true,"href":"https:\/\/www.petitsbosch.com\/index.php?rest_route=%2Fwp%2Fv2%2Fcomments&post=81"}],"version-history":[{"count":0,"href":"https:\/\/www.petitsbosch.com\/index.php?rest_route=\/wp\/v2\/pages\/81\/revisions"}],"wp:attachment":[{"href":"https:\/\/www.petitsbosch.com\/index.php?rest_route=%2Fwp%2Fv2%2Fmedia&parent=81"}],"curies":[{"name":"wp","href":"https:\/\/api.w.org\/{rel}","templated":true}]}}